{"id":8,"date":"2013-01-01T02:57:57","date_gmt":"2013-01-01T00:57:57","guid":{"rendered":"http:\/\/bls-senat.de\/am-starnberger-see\/"},"modified":"2013-05-31T16:15:47","modified_gmt":"2013-05-31T14:15:47","slug":"am-starnberger-see","status":"publish","type":"page","link":"https:\/\/bls-senat.de\/?page_id=8","title":{"rendered":"Am Starnberger See"},"content":{"rendered":"<p><a href=\"https:\/\/bls-senat.de\/wp-content\/uploads\/2013\/01\/sta-see_b_georg_3774.jpg\" title=\"Starnberger See vom Schlosshotel Berg aus\"><\/a><\/p>\n<p style=\"text-align: center\"><a href=\"https:\/\/bls-senat.de\/wp-content\/uploads\/2013\/01\/sta-see_b_georg_3774.jpg\" title=\"Starnberger See vom Schlosshotel Berg aus\"><img decoding=\"async\" src=\"https:\/\/bls-senat.de\/wp-content\/uploads\/2013\/01\/sta-see_b_georg_3774.thumbnail.jpg\" title=\"Starnberger See vom Schlosshotel Berg aus\" alt=\"Starnberger See vom Schlosshotel Berg aus\" hspace=\"2\" vspace=\"2\" \/><\/a><\/p>\n<p>Beides ist der Starnberger See &#8211; <strong>mal bei tr\u00fcbem Wetter<\/strong> vom Schlosshotel Berg aus, <strong>mal bei sch\u00f6nem Wetter <\/strong>mit Blick zu den Bergen\u00a0 (ein Klick f\u00fchrt zur Vergr\u00f6\u00dferung des Bildes).<\/p>\n<p><a href=\"https:\/\/bls-senat.de\/wp-content\/uploads\/2013\/01\/sta-see_georg_0233.jpg\" title=\"Starnberger See mit Bergen\"><\/a><\/p>\n<p style=\"text-align: center\"><a href=\"https:\/\/bls-senat.de\/wp-content\/uploads\/2013\/01\/sta-see_georg_0233.jpg\" title=\"Starnberger See mit Bergen\"><img decoding=\"async\" src=\"https:\/\/bls-senat.de\/wp-content\/uploads\/2013\/01\/sta-see_georg_0233.thumbnail.jpg\" title=\"Starnberger See mit Bergen\" alt=\"Starnberger See mit Bergen\" hspace=\"2\" vspace=\"2\" \/><\/a><\/p>\n<p>Dabei hat die Liebe der M\u00fcnchner zu dem vor ihrer Haust\u00fcr gelegenen W\u00fcrmsee, der erst seit 1962 amtlich <strong>Starnberger See<\/strong> hei\u00dft, eine lange, fast ehrw\u00fcrdige Tradition. Schon im 16. Jahrhundert entdeckten die Wittelsbacher, deren Pfleger seit der Mitte des 14. Jahrhun\u00adderts in Starnberg sa\u00dfen, die Freuden, die der See ihnen bot. Vor allem unter <strong>Kurf\u00fcrst Ferdinand Maria<\/strong>, der <strong>1676 <\/strong>auch noch die \u00bbHofmark Perg\u00ab erwarb, zog es die Hofgesell\u00adschaft &#8211; bei manchen Gelegenheiten fast 2000 Personen &#8211; hinaus ans Wasser. F\u00fcr die Kurf\u00fcrstin Henriette Adelheid, die das Flair italienischer und franz\u00f6sischer F\u00fcrstenh\u00f6fe nach Bayern brachte, die Maler und Bildhauer, Musiker und Dichter an den Hof rief und selbst Kom\u00f6dien schrieb, waren die \u00bbWasserfeste\u00ab auf dem Starnberger See \u00bbdas gr\u00f6\u00dfte Vergn\u00fcgen der Welt\u00ab. &#8230;<\/p>\n<p>Die Zeit ging \u00fcber diese Vergn\u00fcgen hinweg. F\u00fcr fast <strong>200 Jahre<\/strong> kehrte der See zu jener Einsamkeit zur\u00fcck, in der es nur Fischer gab, J\u00e4ger und Bauern und eine weitgehend sich selbst \u00fcberlassene Natur. Erst mit K\u00f6nig Max II., der sein Land von Lindau bis Berchtesga\u00adden noch auf einer Fu\u00dfreise kennen und lieben lernte, wurden die Beziehungen der  bayerischen Herrscher zum Starnberger See wieder enger. So sind Orte wie Feldafing und  Schloss Possenhofen, wie die Roseninsel und <strong>Schloss Berg<\/strong> voller Erinnerungen an das bayerische Herrscherhaus: an Herzog Max in Bayern und seine Tochter, die sp\u00e4tere \u00f6sterreichi\u00adsche Kaiserin Elisabeth (Sissy); an K\u00f6nig <strong>Ludwig II.,<\/strong> dem die Roseninsel und Schloss Berg eine Art Zuflucht waren, bis er <strong>1886<\/strong> hier seinen letzten Tag erlebte.<\/p>\n<p>Mit den Wittelsbachern kamen im 19. Jahrhundert auch die M\u00fcnchner Gro\u00dfb\u00fcrgerfami\u00adlien, die Gelehrten und arrivierten K\u00fcnstler an den See. Ihre beh\u00e4bige Wohlhabenheit, ihre G\u00e4rten und Parks und Villen brachten der Landschaft und den D\u00f6rfern eine gewisse urbane Offenheit und <strong>heitere Gro\u00dfz\u00fcgigkeit<\/strong>, die sich aufs sch\u00f6nste einf\u00fcgte und das Unverdorben-B\u00e4uerliche, anders als unsere Zeit, bestehen lie\u00df.<\/p>\n<p>Heute ist die Uferlandschaft des Starnberger Sees \u00fcber viele, viele Kilometer verbaut, eingez\u00e4unt, unzug\u00e4nglich. Nur im sp\u00e4testen Herbst und im Winter scheint es, als kehre der  See wieder zu sich selbst zur\u00fcck. Die Uferpromenaden geh\u00f6ren dann den wenigen geruhsamen Spazierg\u00e4ngern und all den Wasserv\u00f6geln, die zur F\u00fctterung kommen.<\/p>\n<p>(Aus: Ursula Pfistermeister: Oberbayern. Landschaft, Kunst, Brauchtum S. 28  (R., 1989)<\/p>\n","protected":false},"excerpt":{"rendered":"<p>Beides ist der Starnberger See &#8211; mal bei tr\u00fcbem Wetter vom Schlosshotel Berg aus, mal bei sch\u00f6nem Wetter mit Blick zu den Bergen\u00a0 (ein Klick f\u00fchrt zur Vergr\u00f6\u00dferung des Bildes). Dabei hat die Liebe der M\u00fcnchner zu dem vor ihrer Haust\u00fcr gelegenen W\u00fcrmsee, der erst seit 1962 amtlich Starnberger See hei\u00dft, eine lange, fast ehrw\u00fcrdige [&hellip;]<\/p>\n","protected":false},"author":1,"featured_media":0,"parent":0,"menu_order":0,"comment_status":"open","ping_status":"open","template":"","meta":{"footnotes":""},"class_list":["post-8","page","type-page","status-publish","hentry"],"_links":{"self":[{"href":"https:\/\/bls-senat.de\/index.php?rest_route=\/wp\/v2\/pages\/8","targetHints":{"allow":["GET"]}}],"collection":[{"href":"https:\/\/bls-senat.de\/index.php?rest_route=\/wp\/v2\/pages"}],"about":[{"href":"https:\/\/bls-senat.de\/index.php?rest_route=\/wp\/v2\/types\/page"}],"author":[{"embeddable":true,"href":"https:\/\/bls-senat.de\/index.php?rest_route=\/wp\/v2\/users\/1"}],"replies":[{"embeddable":true,"href":"https:\/\/bls-senat.de\/index.php?rest_route=%2Fwp%2Fv2%2Fcomments&post=8"}],"version-history":[{"count":4,"href":"https:\/\/bls-senat.de\/index.php?rest_route=\/wp\/v2\/pages\/8\/revisions"}],"predecessor-version":[{"id":81,"href":"https:\/\/bls-senat.de\/index.php?rest_route=\/wp\/v2\/pages\/8\/revisions\/81"}],"wp:attachment":[{"href":"https:\/\/bls-senat.de\/index.php?rest_route=%2Fwp%2Fv2%2Fmedia&parent=8"}],"curies":[{"name":"wp","href":"https:\/\/api.w.org\/{rel}","templated":true}]}}