{"id":431,"date":"2023-01-05T13:02:52","date_gmt":"2023-01-05T12:02:52","guid":{"rendered":"https:\/\/bls-senat.de\/?page_id=431"},"modified":"2023-03-11T23:07:12","modified_gmt":"2023-03-11T22:07:12","slug":"zu-ursula-haeussler","status":"publish","type":"page","link":"https:\/\/bls-senat.de\/?page_id=431","title":{"rendered":"H\u00e4u\u00dfler Ursulas Vita"},"content":{"rendered":"<p>Als Wunsch- und einziges Kind von Hans und Anna H\u00e4u\u00dfler, die 1933 geheiratet haben, hatte Ursula, am  22. Mai 1939 in N\u00fcrnberg geboren und im Krieg aufgewachsen, keine leichte Kindheit.<br \/>\n<a href=\"https:\/\/de.wikipedia.org\/wiki\/Luftangriffe_auf_N%C3%BCrnberg\" target=\"_blank\" rel=\"noopener\"><img loading=\"lazy\" decoding=\"async\" src=\"https:\/\/bls-senat.de\/wp-content\/uploads\/2023\/01\/1945-Nuernberg_123-150x150.jpg\" alt=\"\" width=\"150\" height=\"150\" class=\"alignleft size-thumbnail wp-image-456\" \/><\/a>M\u00fchsam bauten sich die Eltern im zerst\u00f6rten N\u00fcrnberg in der Munkerstra\u00dfe eine neue Existenz auf. Dennoch durfte Ursula, die in der Grundschule beste Schulleistungen zeigte, mit gro\u00dfen finanziellen Opfern ab September 1950 die <strong>st\u00e4dt. M\u00e4dchenoberrealschule<\/strong>, das heutige Labenwolf-Gymnasium besuchen.<br \/>\n<a href=\"https:\/\/bls-senat.de\/wp-content\/uploads\/2023\/01\/N_gesamt-m-Pfaelzer-Wald-Str_148-146_123-1.jpg\" target=\"_blank\" rel=\"noopener\"><img loading=\"lazy\" decoding=\"async\" src=\"https:\/\/bls-senat.de\/wp-content\/uploads\/2023\/01\/N_gesamt-m-Pfaelzer-Wald-Str_148-146_123-d-1.jpg\" alt=\"\" width=\"300\" height=\"294\" class=\"alignright size-full wp-image-567\" \/><\/a>  Der  Vater, Elektro-Ingenieur bei der AEG, konnte Ende der 1950er Jahre sogar den Familientraum erf\u00fcllen: Eine Doppelhaush\u00e4lfte als eigenes H\u00e4uschen in der &#8222;Gartenstadt&#8220; N\u00fcrnberg-Falkenheim in der Pf\u00e4lzer-Wald-Stra\u00dfe 148. Falkenheim wurde 1962 beim Wettbewerb Sch\u00f6nste Siedlung Bayerns Landessieger.<\/p>\n<p>\n<a href=\"https:\/\/bls-senat.de\/wp-content\/uploads\/2023\/01\/2022_ELFRIEDE-FISCHER-85_Kopf.jpg\" target=\"_blank\" rel=\"noopener\"><img loading=\"lazy\" decoding=\"async\" src=\"https:\/\/bls-senat.de\/wp-content\/uploads\/2023\/01\/2022_ELFRIEDE-FISCHER-85_Kopf-176x300.jpg\" alt=\"\" width=\"176\" height=\"300\" class=\"alignleft size-medium wp-image-571\" srcset=\"https:\/\/bls-senat.de\/wp-content\/uploads\/2023\/01\/2022_ELFRIEDE-FISCHER-85_Kopf-176x300.jpg 176w, https:\/\/bls-senat.de\/wp-content\/uploads\/2023\/01\/2022_ELFRIEDE-FISCHER-85_Kopf-601x1024.jpg 601w, https:\/\/bls-senat.de\/wp-content\/uploads\/2023\/01\/2022_ELFRIEDE-FISCHER-85_Kopf-768x1308.jpg 768w, https:\/\/bls-senat.de\/wp-content\/uploads\/2023\/01\/2022_ELFRIEDE-FISCHER-85_Kopf-902x1536.jpg 902w, https:\/\/bls-senat.de\/wp-content\/uploads\/2023\/01\/2022_ELFRIEDE-FISCHER-85_Kopf-1202x2048.jpg 1202w, https:\/\/bls-senat.de\/wp-content\/uploads\/2023\/01\/2022_ELFRIEDE-FISCHER-85_Kopf.jpg 1318w\" sizes=\"auto, (max-width: 176px) 100vw, 176px\" \/><\/a>Elfriede, 1950 die erste Banknachbarin in der erste Klasse wurde Ursulas Freundin, das ganze Leben lang (Foto 2022). Auch als Elfriede heiratete und mit ihrem Ehemann, einem Pastor, nach S\u00fcdamerika auswanderte, hielt die Freundschaft: Elfriedes  1963 dort geborene Tochter Beate wurde Ursulas Patenkind. 1968 hatte Ursula das Geld zusammengebracht, um die Freundin in S\u00fcdamerika besuchen zu k\u00f6nnen. Elfriede und vor allem das <strong>Patenkind Beate<\/strong> waren es dann auch, die sich um Ursula bis in die letzten Lebenstage umsichtig k\u00fcmmerten und die Arbeit um die Bestattung \u00fcbernahmen.<br \/>\n<div id=\"attachment_458\" style=\"width: 310px\" class=\"wp-caption alignleft\"><img loading=\"lazy\" decoding=\"async\" aria-describedby=\"caption-attachment-458\" src=\"https:\/\/bls-senat.de\/wp-content\/uploads\/2023\/01\/2010-12_beim-100ten-GebTag-d-Mutter-Anna_123-300x187.jpg\" alt=\"\" width=\"300\" height=\"187\" class=\"size-medium wp-image-458\" srcset=\"https:\/\/bls-senat.de\/wp-content\/uploads\/2023\/01\/2010-12_beim-100ten-GebTag-d-Mutter-Anna_123-300x187.jpg 300w, https:\/\/bls-senat.de\/wp-content\/uploads\/2023\/01\/2010-12_beim-100ten-GebTag-d-Mutter-Anna_123.jpg 340w\" sizes=\"auto, (max-width: 300px) 100vw, 300px\" \/><p id=\"caption-attachment-458\" class=\"wp-caption-text\">2009: Anna und Ursula beim 100. Geburtstag<\/p><\/div>Nach dem Tod des Vaters k\u00fcmmerte sich Ursula liebevoll und verst\u00e4rkt um die <strong>Mutter Anna<\/strong>, besuchte sie oft mit dem blauen Opel (die Autobahn meidend) in <a href=\"https:\/\/de.wikipedia.org\/wiki\/Roth\" rel=\"noopener\" target=\"_blank\">Roth<\/a>, unternahm mit ihr Reisen, auch ins Ausland und nach Erlangen, wo es den fr\u00e4nkischen &#8222;Karpfen mit Kartoffelsalat&#8220; gab. Elfriede erinnert sich an das Fest zum 100. Geburtstag der Mutter im Augustinum  in Roth: &#8222;Es war sehr feierlich und Ursula hatte aufgedeckt wie bei einem Kindergeburtstag: 100 Kerzen standen um die Torte.&#8220;<\/p>\n<p><img loading=\"lazy\" decoding=\"async\" src=\"https:\/\/bls-senat.de\/wp-content\/uploads\/2023\/01\/Togo-Kleidung_123-143x300.jpg\" alt=\"\" width=\"95\" height=\"200\" class=\"alignleft size-medium wp-image-524\" srcset=\"https:\/\/bls-senat.de\/wp-content\/uploads\/2023\/01\/Togo-Kleidung_123-143x300.jpg 143w, https:\/\/bls-senat.de\/wp-content\/uploads\/2023\/01\/Togo-Kleidung_123.jpg 300w\" sizes=\"auto, (max-width: 95px) 100vw, 95px\" \/>Nach dem Studium in Erlangen und Paris bereitete sich Ursula auf ihre Unterrichtst\u00e4tigkeit als Philologin mit den F\u00e4chern Latein und Franz\u00f6sisch ab dem 11. Dez. 1963 als Studienreferendarin am W\u00fcrzburger Siebold-Gymnasium vor. Zu ihren Seminarkollegen Eva Maria und Hermann hielt Ursula sehr lange Kontakt und wurde in deren Familie Taufpatin. Studienr\u00e4tin wurde sie am 1.Dez. 1966 am Ohm-Gymnasium in Erlangen; dort wurde sie schon am 1.August 71 Oberstudienr\u00e4tin und erweiterte nebenher an der Uni Erlangen ihre Fakultas um das Fach Deutsch. Ab 1973 bis 1976 war sie vom Ohm-Gymnasium aus beurlaubt, zur <strong>Entwicklungshilfe in Togo in Afrika<\/strong>. Dahin lud sie auch ihre Eltern ein. Danach kehrte sie nicht mehr ans &#8222;Ohm&#8220; zur\u00fcck, sondern war von 1977\/78 bis 1988 Studiendirektorin als Beratungslehrkraft am Willst\u00e4tter-Gymnasium in N\u00fcrnberg, bekannt als Reform-Gymnasium.\u00a0<\/p>\n<p><div id=\"attachment_470\" style=\"width: 160px\" class=\"wp-caption alignright\"><a href=\"https:\/\/bls-senat.de\/wp-content\/uploads\/2023\/01\/70-GT-Burgthann_2009-08-06_123.jpg\" target=\"_blank\" rel=\"noopener\"><img loading=\"lazy\" decoding=\"async\" aria-describedby=\"caption-attachment-470\" src=\"https:\/\/bls-senat.de\/wp-content\/uploads\/2023\/01\/70-GT-Burgthann_2009-08-06_123-d-150x150.jpg\" alt=\"\" width=\"150\" height=\"150\" class=\"alignright size-thumbnail wp-image-470\" \/><\/a><p id=\"caption-attachment-470\" class=\"wp-caption-text\">2009 Ursula zum 70.<\/p><\/div> Mit viel Charme und Energie trat Studiendirektorin Ursula H\u00e4u\u00dfler 1988, von ihm ausgew\u00e4hlt, die Nachfolge des ersten Schulberaters f\u00fcr Mittelfranken Konrad Lengenfelder an.<br \/>\nDieser Vorg\u00e4nger wurde Ehrenb\u00fcrger der Stadt Altdorf. Aus den Gr\u00fcnden daf\u00fcr:<\/p>\n<ul>\n<li>Erster Direktor der Vorl\u00e4uferschule des Leibniz-Gymnasiums Altdorf, <\/li>\n<li>Stadtarchivar und<\/li>\n<li>Stifter des Universit\u00e4ts-Museums<\/li>\n<\/ul>\n<p>gibt es in Altdorf eine &#8222;Konrad-Lengenfelder-Stra\u00dfe&#8220;.<\/p>\n<p>Ursula engagierte sich ehrenamtlich im sozialen sowie kirchlichem Raum und sie betrat damals eine M\u00e4nnerdom\u00e4ne. Unvergessen, wie sie bei den j\u00e4hrlichen mehrt\u00e4gigen Koordinierungs- und Fortbildungstreffen in der ALP Dillingen, mit N\u00fcrnberger Lebkuchen unterst\u00fctzt, den M\u00e4nnerhaufen zu mehr Freundlichkeit bekehrte. Nach zwei Jahren duzten sich die Schulberater, heute \u201eLeiter der Staatlichen Schulberatungsstelle\u201c, mit ihr und untereinander. Das war das \u00e4u\u00dfere Zeichen eines freundschaftlichen Umgangs, der <strong>\u2013 danke Ursula! \u2013 <\/strong>bis heute anh\u00e4lt. So wurden aus <strong>gemeinsam verbrachter Zeit bereichernde Begegnungen<\/strong>.<\/p>\n<p>Diese Bilder zeigen das:<\/p>\n<p><a href=\"https:\/\/bls-senat.de\/wp-content\/uploads\/2023\/01\/1995-Veitshoechheim-WA0004_Georg-123.jpg\" target=\"_blank\" rel=\"noopener\"><img loading=\"lazy\" decoding=\"async\" src=\"https:\/\/bls-senat.de\/wp-content\/uploads\/2023\/01\/1995-Veitshoechheim-WA0004_Georg-123-1024x636.jpg\" alt=\"\" width=\"500\" height=\"311\" class=\"aligncenter size-large wp-image-585\" srcset=\"https:\/\/bls-senat.de\/wp-content\/uploads\/2023\/01\/1995-Veitshoechheim-WA0004_Georg-123-1024x636.jpg 1024w, https:\/\/bls-senat.de\/wp-content\/uploads\/2023\/01\/1995-Veitshoechheim-WA0004_Georg-123-300x186.jpg 300w, https:\/\/bls-senat.de\/wp-content\/uploads\/2023\/01\/1995-Veitshoechheim-WA0004_Georg-123-768x477.jpg 768w, https:\/\/bls-senat.de\/wp-content\/uploads\/2023\/01\/1995-Veitshoechheim-WA0004_Georg-123.jpg 1097w\" sizes=\"auto, (max-width: 500px) 100vw, 500px\" \/><\/a><\/p>\n<p>Mehr dienstlich oder auch mehr privat:<\/p>\n<p><a href=\"https:\/\/bls-senat.de\/wp-content\/uploads\/2023\/01\/1997-DJI-WA0008_Georg-123.jpg\" target=\"_blank\" rel=\"noopener\"><img loading=\"lazy\" decoding=\"async\" src=\"https:\/\/bls-senat.de\/wp-content\/uploads\/2023\/01\/1997-DJI-WA0008_Georg-123-1024x726.jpg\" alt=\"\" width=\"500\" height=\"354\" class=\"aligncenter size-large wp-image-586\" srcset=\"https:\/\/bls-senat.de\/wp-content\/uploads\/2023\/01\/1997-DJI-WA0008_Georg-123-1024x726.jpg 1024w, https:\/\/bls-senat.de\/wp-content\/uploads\/2023\/01\/1997-DJI-WA0008_Georg-123-300x213.jpg 300w, https:\/\/bls-senat.de\/wp-content\/uploads\/2023\/01\/1997-DJI-WA0008_Georg-123-768x544.jpg 768w, https:\/\/bls-senat.de\/wp-content\/uploads\/2023\/01\/1997-DJI-WA0008_Georg-123-1536x1088.jpg 1536w, https:\/\/bls-senat.de\/wp-content\/uploads\/2023\/01\/1997-DJI-WA0008_Georg-123.jpg 2025w\" sizes=\"auto, (max-width: 500px) 100vw, 500px\" \/><\/a><\/p>\n<p>Aber immer gut gelaunt:<\/p>\n<p><a href=\"https:\/\/bls-senat.de\/wp-content\/uploads\/2023\/01\/1998-Bogenberg-WA0006_Georg-123.jpg\" target=\"_blank\" rel=\"noopener\"><img loading=\"lazy\" decoding=\"async\" src=\"https:\/\/bls-senat.de\/wp-content\/uploads\/2023\/01\/1998-Bogenberg-WA0006_Georg-123-1024x897.jpg\" alt=\"\" width=\"500\" height=\"438\" class=\"aligncenter size-large wp-image-587\" srcset=\"https:\/\/bls-senat.de\/wp-content\/uploads\/2023\/01\/1998-Bogenberg-WA0006_Georg-123-1024x897.jpg 1024w, https:\/\/bls-senat.de\/wp-content\/uploads\/2023\/01\/1998-Bogenberg-WA0006_Georg-123-300x263.jpg 300w, https:\/\/bls-senat.de\/wp-content\/uploads\/2023\/01\/1998-Bogenberg-WA0006_Georg-123-768x673.jpg 768w, https:\/\/bls-senat.de\/wp-content\/uploads\/2023\/01\/1998-Bogenberg-WA0006_Georg-123.jpg 1121w\" sizes=\"auto, (max-width: 500px) 100vw, 500px\" \/><\/a><\/p>\n<p>\n<a href=\"https:\/\/bls-senat.de\/wp-content\/uploads\/2023\/01\/80-GT-2019_Ur_Gruppe-T-scaled.jpg\" target=\"_blank\" rel=\"noopener\"><img loading=\"lazy\" decoding=\"async\" src=\"https:\/\/bls-senat.de\/wp-content\/uploads\/2023\/01\/80-GT-2019_Ur_Gruppe-T-1024x683.jpg\" alt=\"\" width=\"500\" height=\"333\" class=\"aligncenter size-large wp-image-607\" srcset=\"https:\/\/bls-senat.de\/wp-content\/uploads\/2023\/01\/80-GT-2019_Ur_Gruppe-T-1024x683.jpg 1024w, https:\/\/bls-senat.de\/wp-content\/uploads\/2023\/01\/80-GT-2019_Ur_Gruppe-T-300x200.jpg 300w, https:\/\/bls-senat.de\/wp-content\/uploads\/2023\/01\/80-GT-2019_Ur_Gruppe-T-768x512.jpg 768w, https:\/\/bls-senat.de\/wp-content\/uploads\/2023\/01\/80-GT-2019_Ur_Gruppe-T-1536x1024.jpg 1536w, https:\/\/bls-senat.de\/wp-content\/uploads\/2023\/01\/80-GT-2019_Ur_Gruppe-T-2048x1365.jpg 2048w\" sizes=\"auto, (max-width: 500px) 100vw, 500px\" \/><\/a><br \/>\n<br \/>\n<a href=\"https:\/\/www.schulberatung-bls.de\/wir-%C3%BCber-uns\/verbandschronik\/\" rel=\"noopener\" target=\"_blank\"><img loading=\"lazy\" decoding=\"async\" src=\"https:\/\/bls-senat.de\/wp-content\/uploads\/2023\/01\/BLS-Signum-150x150.jpg\" alt=\"\" width=\"150\" height=\"150\" class=\"alignleft  size-thumbnail wp-image-490\" \/><\/a>Um die Entwicklung der Staatlichen Schulberatungsstelle zu f\u00f6rdern, gr\u00fcndete Ursula mit 8 Kollegen (von links, oben: Hans Huber, der Gastgeber Helmut J\u00fcngling, Klaus Kessler; unten:  Werner Honal, Ursula, Horst Schmitz, Heinrich Sch\u00e4fer und Anton Prestele; Georg Mayr fotografierte) am Sa. 22. April 1989 im Musikgymnasium der Regensburger Domspatzen den BLS, den <strong>Bayerischen Landesverband\u00a0Schulberatung<\/strong>.<\/p>\n<p>    \ufeff\u00a0<br \/>\n<a href=\"https:\/\/bls-senat.de\/wp-content\/uploads\/2023\/01\/Gruendung_BLS_o89.jpg\" target=\"_blank\" rel=\"noopener\"><img loading=\"lazy\" decoding=\"async\" src=\"https:\/\/bls-senat.de\/wp-content\/uploads\/2023\/01\/Gruendung_BLS_o89-1024x683.jpg\" alt=\"\" width=\"500\" height=\"333\" class=\"aligncenter size-large wp-image-506\" srcset=\"https:\/\/bls-senat.de\/wp-content\/uploads\/2023\/01\/Gruendung_BLS_o89-1024x683.jpg 1024w, https:\/\/bls-senat.de\/wp-content\/uploads\/2023\/01\/Gruendung_BLS_o89-300x200.jpg 300w, https:\/\/bls-senat.de\/wp-content\/uploads\/2023\/01\/Gruendung_BLS_o89-768x512.jpg 768w, https:\/\/bls-senat.de\/wp-content\/uploads\/2023\/01\/Gruendung_BLS_o89.jpg 1536w\" sizes=\"auto, (max-width: 500px) 100vw, 500px\" \/><\/a><br \/>\nWichtiger als die Verbandspolitik waren Ursula die Zeit f\u00fcr Begegnungen: Zur Feier zum Beispiel ihres <strong>70. Geburtstages<\/strong> hatte Ursula am 6. und 7.Aug. 2009 nach Burgthann und Altdorf eingeladen &#8211; unten links in Altdorf im Gruppenfoto, mit Hut.<br \/>\n<a href=\"https:\/\/bls-senat.de\/wp-content\/uploads\/2023\/01\/70-GT-Altdorf_2009-08-07_123.jpg\" target=\"_blank\" rel=\"noopener\"><img loading=\"lazy\" decoding=\"async\" src=\"https:\/\/bls-senat.de\/wp-content\/uploads\/2023\/01\/70-GT-Altdorf_2009-08-07_123-1024x815.jpg\" alt=\"\" width=\"500\" height=\"398\" class=\"aligncenter size-large wp-image-484\" srcset=\"https:\/\/bls-senat.de\/wp-content\/uploads\/2023\/01\/70-GT-Altdorf_2009-08-07_123-1024x815.jpg 1024w, https:\/\/bls-senat.de\/wp-content\/uploads\/2023\/01\/70-GT-Altdorf_2009-08-07_123-300x239.jpg 300w, https:\/\/bls-senat.de\/wp-content\/uploads\/2023\/01\/70-GT-Altdorf_2009-08-07_123-768x611.jpg 768w, https:\/\/bls-senat.de\/wp-content\/uploads\/2023\/01\/70-GT-Altdorf_2009-08-07_123-1536x1222.jpg 1536w, https:\/\/bls-senat.de\/wp-content\/uploads\/2023\/01\/70-GT-Altdorf_2009-08-07_123-2048x1629.jpg 2048w\" sizes=\"auto, (max-width: 500px) 100vw, 500px\" \/><\/a><\/p>\n<p>1977 an das Willst\u00e4tter-Gymnasium in N\u00fcrnberg zur\u00fcckgekehrt, absolvierte sie selbst das nachtr\u00e4gliche Studium zur Beratungslehrkraft nach \u00a7109 LPO I. Das war eine gute Basis um, neben der eigenen Beratungsarbeit und der Koordinierung der Schulberatung im Bezirk, auch andere Kolleginnen und Kollegen aller Schularten als <strong>Leiterin der Staatlichen Schulberatungsstelle Mittelfranken<\/strong> f\u00fcr dieses Studium zu motivieren und mit Studientagen erfolgreich zu begleiten.<\/p>\n<p><div id=\"attachment_439\" style=\"width: 310px\" class=\"wp-caption alignleft\"><img loading=\"lazy\" decoding=\"async\" aria-describedby=\"caption-attachment-439\" src=\"https:\/\/bls-senat.de\/wp-content\/uploads\/2023\/01\/1992_beim-BBK-N_mit_Minister-Gebhard-Glueck_123.jpg\" alt=\"\" width=\"300\" height=\"277\" class=\"size-full wp-image-439\" \/><p id=\"caption-attachment-439\" class=\"wp-caption-text\">1992 Ursula beim BBB mit Minister Dr. Gebhard Gl\u00fcck<\/p><\/div><br \/>\nDie dreit\u00e4gige <strong>Bayerische Berufsbildungsmesse<\/strong> in N\u00fcrnberg, gr\u00f6\u00dfte Aus- und Weiterbildungsmesse im deutschsprachigen Raum, war Ursula jedes Jahr im Sp\u00e4therbst ein besonderes Anliegen. Ihre Sekret\u00e4rin Barbara Vitztum erinnert sich: &#8222;Frau H\u00e4u\u00dfler war morgens die erste und am Abend die letzte am Stand der Staatlichen Schulberatung Bayern.&#8220; Das Bild zeigt Ursula im Gespr\u00e4ch bei der BBB-Messe im Dezember 1992 mit dem Staatsminister f\u00fcr Arbeit, Familie und Sozialordnung, <a href=\"https:\/\/de.wikipedia.org\/wiki\/Gebhard_Gl%C3%BCck\" rel=\"noopener\" target=\"_blank\">Dr. Gebhard Gl\u00fcck<\/a> (1930 &#8211; 2009), der fr\u00fcher auch als Philologe am &#8222;Ohm&#8220; in Erlangen unterrichtete. Nat\u00fcrlich gab es am Stand nicht nur Informationen zum Schulsystem und zur Schulberatung, sondern auch Getr\u00e4nke und Knabbereien. Auch die Leiter der 9 Staatlichen Schulberatungsstellen trafen sich bei dem zeitgleichen Bayerischen Berufsbildungskongress in N\u00fcrnberg.<\/p>\n<p><a href=\"https:\/\/bls-senat.de\/wp-content\/uploads\/2023\/01\/2003-Ursula-knipst_Boehming_WeHo_123.jpg\" target=\"_blank\" rel=\"noopener\"><img loading=\"lazy\" decoding=\"async\" src=\"https:\/\/bls-senat.de\/wp-content\/uploads\/2023\/01\/2003-Ursula-knipst_Boehming_WeHo_123-181x300.jpg\" alt=\"\" width=\"181\" height=\"300\" class=\"alignright size-medium wp-image-589\" srcset=\"https:\/\/bls-senat.de\/wp-content\/uploads\/2023\/01\/2003-Ursula-knipst_Boehming_WeHo_123-181x300.jpg 181w, https:\/\/bls-senat.de\/wp-content\/uploads\/2023\/01\/2003-Ursula-knipst_Boehming_WeHo_123-617x1024.jpg 617w, https:\/\/bls-senat.de\/wp-content\/uploads\/2023\/01\/2003-Ursula-knipst_Boehming_WeHo_123-768x1275.jpg 768w, https:\/\/bls-senat.de\/wp-content\/uploads\/2023\/01\/2003-Ursula-knipst_Boehming_WeHo_123.jpg 797w\" sizes=\"auto, (max-width: 181px) 100vw, 181px\" \/><\/a>Dabei war Ursula nicht immer im Bild, denn sie fotografierte auch gerne selbst, wie hier 2003 in B\u00f6hming im Altm\u00fchltal. <\/p>\n<p><img loading=\"lazy\" decoding=\"async\" src=\"https:\/\/bls-senat.de\/wp-content\/uploads\/2023\/01\/Hanschel-Hermann-MB-Mfr_InMin-2013-195x300.jpg\" alt=\"\" width=\"150\" height=\"225\" class=\"alignleft size-medium wp-image-617\" \/>Bei ihrer Ruhestandsversetzung am 1. August 2003 durch den von Ursula sehr gesch\u00e4tzten Ministerialbeauftragen f\u00fcr die Gymnasien in Mittelfranken, Dr. Hermann Hanschel (1943 &#8211; 2017), waren unter den zahlreichen G\u00e4sten auch Vertreter des Internats in Togo, das sie bis 1976 leitete, in farbenpr\u00e4chtigen Kleidern anwesend.<br \/>\nAls Pensionistin hatte Ursula noch mehr Zeit f\u00fcr das Seniorenstudium in Theologie und ihre Herzensanliegen: Beim <strong>Obdachlosenfr\u00fchst\u00fcck im Haus Eckstein<\/strong> mithelfen, in <strong>F\u00fchrungen<\/strong> die Kunstgeschichte z. B. in der <strong>Sebaldkirche<\/strong> vermitteln, <strong><a href=\"https:\/\/www.bruecke-nuernberg.de\/\" rel=\"noopener\" target=\"_blank\">Br\u00fccken<\/a> bauen zwischen den Religionen<\/strong>, auch zum Islam,  und so zum Frieden beizutragen. Dazu liebte sie die<a href=\"https:\/\/www.youtube.com\/watch?v=Mhc8TGjpn3M\" rel=\"noopener\" target=\"_blank\"> sanfte Musik<\/a> von <a href=\"https:\/\/www.hufeisen.com\/\" rel=\"noopener\" target=\"_blank\">Hans-J\u00fcrgen Hufeisen<\/a>. <\/p>\n<p>Sehr gesch\u00e4tzt waren ihre k\u00fcnstlerisch und religi\u00f6s ausgeformten <strong>Weihnachts- bzw. Neujahrsbriefe<\/strong>, die ein Spiegel dieser Anliegen waren:<\/p>\n<table>\n<tr>\n<td colspan=\"3\"><em>Lasst uns nach Bethlehem gehen und sehen, was da geschehen ist. (Lukas)<\/em> <\/td>\n<\/tr>\n<tr>\n<td valign=\"top\">\nUnd was sehen <strong>wir<\/strong> da?<br \/>\nMauern betongrau soweit das Auge reicht, in die H\u00f6he bis 9 m, immer wieder \u00fcberragt von Wacht\u00fcrmen, eine Festung wof\u00fcr?<br \/>\nDahinter die Stadt Bethlehem mit der &#8222;Geburtskirche&#8220;, f\u00fcr christliche Pilger mit den entsprechenden Papieren zug\u00e4nglich, doch sie verweilen nicht lange da.<br \/>\nMan wei\u00df und sp\u00fcrt das Absurde: F\u00fcr die Einheimischen, der Willk\u00fcr des Milit\u00e4rs ausgegeliefert, ist das ein Open-Air-Gef\u00e4ngnis, wie f\u00fcr die Ewigkeit gebaut. Kein Friede in Sicht!\n<\/td>\n<td>\nAllerdings: Die Geburt des Gotteskindes geschah (wie Lukas uns mitteilt) zur Zeit der r\u00f6mischen Besatzung unter Kaiser Augustus. Deren Brutalit\u00e4t zeigte sich an den massenhaften Kreuzigungen.<br \/>\nAuch der junge Wanderprediger Jesus von Nazareth mit seiner Hinwendung zu den Ausgegrenzten wurde wie ein Verbrecher ebenso grausam hingerichtet.<br \/>\nWar eine Utopie gescheitert? Welche Bedeutung dieses Kreuz bekommen sollte, war nicht von vorne herein klar.\n<\/td>\n<td valign=\"top\"><a href=\"https:\/\/bls-senat.de\/wp-content\/uploads\/2023\/01\/2018-Weihnachtsgruss_123.jpg\" target=\"_blank\" rel=\"noopener\"><img loading=\"lazy\" decoding=\"async\" src=\"https:\/\/bls-senat.de\/wp-content\/uploads\/2023\/01\/2018-Weihnachtsgruss_123-150x150.jpg\" alt=\"\" width=\"150\" height=\"200\" class=\"aligncenter size-thumbnail wp-image-517\" srcset=\"https:\/\/bls-senat.de\/wp-content\/uploads\/2023\/01\/2018-Weihnachtsgruss_123-225x300.jpg 225w, https:\/\/bls-senat.de\/wp-content\/uploads\/2023\/01\/2018-Weihnachtsgruss_123-768x1024.jpg 768w, https:\/\/bls-senat.de\/wp-content\/uploads\/2023\/01\/2018-Weihnachtsgruss_123.jpg 784w\" sizes=\"auto, (max-width: 150px) 100vw, 150px\" \/><\/a><\/p>\n<p> Die Krippe ist kein Streitfall, dass Kreuz schon \u2013 bis heute. <\/td>\n<\/tr>\n<\/table>\n<p>Ihre fundierte Erl\u00e4uterung des Tilman-Riemenschneider-Kunstwerks 2019 beim ihrem 80. Geburtstag war ihr Geschenk an den gesamten Freundeskreis Schulberatung. Vor dem Heilig-Blut-Altar in der Pfarrkirche St.Jakob in Rothenburg o.T. versetzte uns Ursula &#8222;by heart&#8220; ins kunstverst\u00e4ndige Schauen und and\u00e4chtige Staunen &#8211; unsere h\u00f6chster Respekt, liebe Ursula!<br \/>\n<br \/>\n<a href=\"https:\/\/bls-senat.de\/wp-content\/uploads\/2023\/01\/Rothenburg-Riemenschneider_Heilig-Blut-Altar_Pfarrkirche_St._Jakob-2019-Wiki.jpg\" target=\"_blank\" rel=\"noopener\"><img loading=\"lazy\" decoding=\"async\" src=\"https:\/\/bls-senat.de\/wp-content\/uploads\/2023\/01\/Rothenburg-Riemenschneider_Heilig-Blut-Altar_Pfarrkirche_St._Jakob-2019-Wiki-1024x768.jpg\" alt=\"\" width=\"500\" height=\"375\" class=\"aligncenter size-large wp-image-610\" srcset=\"https:\/\/bls-senat.de\/wp-content\/uploads\/2023\/01\/Rothenburg-Riemenschneider_Heilig-Blut-Altar_Pfarrkirche_St._Jakob-2019-Wiki-1024x768.jpg 1024w, https:\/\/bls-senat.de\/wp-content\/uploads\/2023\/01\/Rothenburg-Riemenschneider_Heilig-Blut-Altar_Pfarrkirche_St._Jakob-2019-Wiki-300x225.jpg 300w, https:\/\/bls-senat.de\/wp-content\/uploads\/2023\/01\/Rothenburg-Riemenschneider_Heilig-Blut-Altar_Pfarrkirche_St._Jakob-2019-Wiki-768x576.jpg 768w, https:\/\/bls-senat.de\/wp-content\/uploads\/2023\/01\/Rothenburg-Riemenschneider_Heilig-Blut-Altar_Pfarrkirche_St._Jakob-2019-Wiki-1536x1152.jpg 1536w, https:\/\/bls-senat.de\/wp-content\/uploads\/2023\/01\/Rothenburg-Riemenschneider_Heilig-Blut-Altar_Pfarrkirche_St._Jakob-2019-Wiki.jpg 1920w\" sizes=\"auto, (max-width: 500px) 100vw, 500px\" \/><\/a><br \/>\n<br \/>\nMit 83 Jahren ist Ursula im N\u00fcrnberger Charleston Pflegeheim am Ludwigstor \u00fcberraschend am 25. Dez. 2022 gestorben. M\u00f6ge sie nun in der F\u00fclle der Herrlichkeit Gottes leben. Die Trauerfeier war am 4.\u00a0Januar\u00a02023 auf dem Westfriedhof, die Urne wird im Friedwald auf dem Schwanberg beerdigt.  <a href=\"https:\/\/bls-senat.de\/?p=375\" rel=\"noopener\" target=\"_blank\">Mehr bei der Trauermeldung<\/a><\/p>\n<p><a href=\"https:\/\/bls-senat.de\/wp-content\/uploads\/2023\/01\/2023-01-04_Ursulas-Sarg_115331b.jpg\" target=\"_blank\" rel=\"noopener\"><img loading=\"lazy\" decoding=\"async\" src=\"https:\/\/bls-senat.de\/wp-content\/uploads\/2023\/01\/2023-01-04_Ursulas-Sarg_115331b-f.jpg\" alt=\"\" width=\"500\" height=\"534\" class=\"aligncenter size-full wp-image-536\" srcset=\"https:\/\/bls-senat.de\/wp-content\/uploads\/2023\/01\/2023-01-04_Ursulas-Sarg_115331b-f.jpg 500w, https:\/\/bls-senat.de\/wp-content\/uploads\/2023\/01\/2023-01-04_Ursulas-Sarg_115331b-f-281x300.jpg 281w\" sizes=\"auto, (max-width: 500px) 100vw, 500px\" \/><\/a><\/p>\n<blockquote align=\"center\"><p>Mit der Schleife (im Bild am Boden) verbleiben wir: <\/p>\n<p><strong>In Dankbarkeit &#8211; Ursulas Freundeskreis Schulberatung<\/strong><\/p><\/blockquote>\n<p>Auch das Team des<a href=\"https:\/\/www.nuernberg-evangelisch.de\/kann-ich-helfen\" rel=\"noopener\" target=\"_blank\"> Obdachlosenfr\u00fchst\u00fccks<\/a> freut sich \u00fcber Geldspenden an: Kirchengemeinde St. Sebald, IBAN DE47 5206 0410 0001 5711 41 \/\/ Vermerk Obdachlosenhilfe mit Ursula H\u00e4u\u00dfler<\/p>\n","protected":false},"excerpt":{"rendered":"<p>Als Wunsch- und einziges Kind von Hans und Anna H\u00e4u\u00dfler, die 1933 geheiratet haben, hatte Ursula, am 22. Mai 1939 in N\u00fcrnberg geboren und im Krieg aufgewachsen, keine leichte Kindheit. M\u00fchsam bauten sich die Eltern im zerst\u00f6rten N\u00fcrnberg in der Munkerstra\u00dfe eine neue Existenz auf. Dennoch durfte Ursula, die in der Grundschule beste Schulleistungen zeigte, [&hellip;]<\/p>\n","protected":false},"author":1,"featured_media":0,"parent":0,"menu_order":0,"comment_status":"closed","ping_status":"closed","template":"","meta":{"footnotes":""},"class_list":["post-431","page","type-page","status-publish","hentry"],"_links":{"self":[{"href":"https:\/\/bls-senat.de\/index.php?rest_route=\/wp\/v2\/pages\/431","targetHints":{"allow":["GET"]}}],"collection":[{"href":"https:\/\/bls-senat.de\/index.php?rest_route=\/wp\/v2\/pages"}],"about":[{"href":"https:\/\/bls-senat.de\/index.php?rest_route=\/wp\/v2\/types\/page"}],"author":[{"embeddable":true,"href":"https:\/\/bls-senat.de\/index.php?rest_route=\/wp\/v2\/users\/1"}],"replies":[{"embeddable":true,"href":"https:\/\/bls-senat.de\/index.php?rest_route=%2Fwp%2Fv2%2Fcomments&post=431"}],"version-history":[{"count":130,"href":"https:\/\/bls-senat.de\/index.php?rest_route=\/wp\/v2\/pages\/431\/revisions"}],"predecessor-version":[{"id":640,"href":"https:\/\/bls-senat.de\/index.php?rest_route=\/wp\/v2\/pages\/431\/revisions\/640"}],"wp:attachment":[{"href":"https:\/\/bls-senat.de\/index.php?rest_route=%2Fwp%2Fv2%2Fmedia&parent=431"}],"curies":[{"name":"wp","href":"https:\/\/api.w.org\/{rel}","templated":true}]}}