{"id":3,"date":"2012-12-29T14:59:25","date_gmt":"2012-12-29T12:59:25","guid":{"rendered":"http:\/\/bls-senat.de\/oskar-maria-graf\/"},"modified":"2016-11-01T22:38:10","modified_gmt":"2016-11-01T21:38:10","slug":"oskar-maria-graf","status":"publish","type":"page","link":"https:\/\/bls-senat.de\/?page_id=3","title":{"rendered":"Oskar Maria Graf"},"content":{"rendered":"<p><a title=\"OskarMariaGraf_Statue in Aufkirchen\" href=\"https:\/\/bls-senat.de\/wp-content\/uploads\/2012\/12\/oskarmariagraf_statue_o12.jpg\"><img decoding=\"async\" title=\"OskarMariaGraf_Statue in Aufkirchen\" src=\"https:\/\/bls-senat.de\/wp-content\/uploads\/2012\/12\/oskarmariagraf_statue_o12.thumbnail.jpg\" alt=\"OskarMariaGraf_Statue in Aufkirchen\" align=\"left\" hspace=\"4\" vspace=\"2\" \/><\/a>* 22. Juli 1894 in <strong>Berg<\/strong>; \u2020 28. Juni 1967 in New York\u00a0 <a title=\"Klick hier zur eigenen Seite\" href=\"http:\/\/www.oskarmariagraf.de\/\" target=\"_blank\">Klick hier zu einer guten\u00a0 Website <\/a><br \/>\n&#8222;Seine Herkunft als neuntes von elf Kindern einer bayerisch-b\u00e4uerlichen Mutter und eines zugereisten B\u00e4cker-Vaters stellte ihn in die lebenspr\u00e4gende Spannung zwischen Katholizismus und Freigeisterei, zwischen Stadt und Provinz. Er war nie Parteisozialist; zu keiner Partei zu geh\u00f6ren und doch aus &#8218;grundmenschlicher Emp\u00f6rung gegen jeden Missbrauch der Schw\u00e4cheren durch die St\u00e4rkeren&#8216; stets &#8218;links&#8216; zu stehen, war ihm wichtiges Programm.&#8220; (aus: &#8222;<a title=\"Klick hier zur eigenen Seite\" href=\"http:\/\/www.historisches-lexikon-bayerns.de\/artikel\/artikel_44824\" target=\"_blank\">Historisches Lexikon Bayern<\/a>&#8222;)<\/p>\n<p>Das <strong>Schulmuseum<\/strong> in Aufkirchen ist nur auf Anfrage zug\u00e4nglich, wie <a title=\"Klick hier zur eigenen Seite der Gemeinde Berg\" href=\"http:\/\/www.gemeinde-berg.de\/index.php?id=0,10\" target=\"_blank\">die Beschreibung<\/a> meldet:\u00a0 aber das kann sich ja \u00e4ndern&#8230;<\/p>\n<p><a title=\"Unsere Senats-Gruppe vor dem OMG-Haus\" href=\"https:\/\/bls-senat.de\/wp-content\/uploads\/2012\/12\/gruppe_v_omg-haus_o12.jpg\"><img decoding=\"async\" title=\"Unsere Senats-Gruppe vor dem OMG-Haus\" src=\"https:\/\/bls-senat.de\/wp-content\/uploads\/2012\/12\/gruppe_v_omg-haus_o12.thumbnail.jpg\" alt=\"Unsere Senats-Gruppe vor dem OMG-Haus\" align=\"left\" hspace=\"4\" vspace=\"2\" \/><\/a>Oskar Maria Graf (hier stehen wir vor seinem Geburtshaus, der B\u00e4ckerei Graf,\u00a0 ein Klick f\u00fchrt zur Vergr\u00f6\u00dferung des Bildes)\u00a0 ist in Berg geboren und aufgewachsen,<\/p>\n<p>Er ging in <strong>Aufkirchen<\/strong> von 1900-1907 gerne zur <strong>Schule.<\/strong>\u00a0 <a title=\"Ortsplan Aufkirchen\" href=\"https:\/\/bls-senat.de\/wp-content\/uploads\/2013\/01\/aufkirchen-plan_omg_d12.jpg\"><img decoding=\"async\" title=\"Ortsplan Aufkirchen\" src=\"https:\/\/bls-senat.de\/wp-content\/uploads\/2013\/01\/aufkirchen-plan_omg_d12.thumbnail.jpg\" alt=\"Ortsplan Aufkirchen\" align=\"right\" hspace=\"8\" vspace=\"4\" \/><\/a><br \/>\nIn seinem Buch \u201eMitmenschen\u201c erinnert er sich freundlich an seinen<a title=\"Klick zu neuer Seite\" href=\"https:\/\/bls-senat.de\/?page_id=24\" target=\"_blank\"> Lehrer M\u00e4nner<\/a><br \/>\nEinige Leseproben aus seinem Werk, die mit Schule und Bildung zusammenh\u00e4ngen:<\/p>\n<ol>\n<li>Hochgeachtet ist f\u00fcr OMG sein Lehrer M\u00e4nner, auch wenn er bezweifelt, &#8222;dass der M\u00e4nner uns Kinder vom B\u00e4cker Graf sch\u00e4tzte&#8220;; eine <a title=\"Klick zu neuer Seite\" href=\"https:\/\/bls-senat.de\/?page_id=24\" target=\"_blank\">Leseprobe dazu ist hier.<\/a><\/li>\n<li>Leseprobe zum den <a title=\"Klick hier zur eigenen Seite \" href=\"https:\/\/bls-senat.de\/?page_id=4\" target=\"_blank\">&#8222;Schillertag<\/a>&#8220; beim Lehrer M\u00e4nner, den OMG &#8222;den stolzesten Augenblick meiner ganzen Schulzeit&#8220; nennt. Hier zeigt sich auch, welche gro\u00dfe Bedeutung f\u00fcr ihn die &#8222;Gerechtigkeit&#8220; spielte.<\/li>\n<li>OMGs <a title=\"Klick hier zur eigenen Seite\" href=\"https:\/\/bls-senat.de\/?page_id=5\" target=\"_blank\">Anmerkungen zum Studium<\/a> verdeutlichen seine Einstellung zum Traditionellem; denn er selbst hatte sich autodidaktisch, vom B\u00e4ckerlehrling \u00fcber die Schwabinger Boheme und Anarchistenkreise aufsteigend, mit expressionistischen Gedichten und Kurzgeschichten seine Stellung als literarisch anerkannter Arbeiterdichter und sp\u00e4ter auch als &#8222;Epiker&#8220; (mit dem Buch: &#8222;Das Leben meiner Mutter&#8220;) erarbeitet.<\/li>\n<li>Mit &#8222;<strong>Bildung<\/strong> als pers\u00f6nliche Eigenschaft eines Menschen&#8220; setzt sich OMG in den 1940er Jahren auseinander. Sein Essay dazu (mit Quellen) ist <a title=\"Klick zu neuer Seite\" href=\"https:\/\/bls-senat.de\/?page_id=13\" target=\"_blank\">als Leseprobe hier<\/a>.<\/li>\n<\/ol>\n","protected":false},"excerpt":{"rendered":"<p>* 22. Juli 1894 in Berg; \u2020 28. Juni 1967 in New York\u00a0 Klick hier zu einer guten\u00a0 Website &#8222;Seine Herkunft als neuntes von elf Kindern einer bayerisch-b\u00e4uerlichen Mutter und eines zugereisten B\u00e4cker-Vaters stellte ihn in die lebenspr\u00e4gende Spannung zwischen Katholizismus und Freigeisterei, zwischen Stadt und Provinz. Er war nie Parteisozialist; zu keiner Partei zu [&hellip;]<\/p>\n","protected":false},"author":1,"featured_media":0,"parent":0,"menu_order":0,"comment_status":"open","ping_status":"open","template":"","meta":{"footnotes":""},"class_list":["post-3","page","type-page","status-publish","hentry"],"_links":{"self":[{"href":"https:\/\/bls-senat.de\/index.php?rest_route=\/wp\/v2\/pages\/3","targetHints":{"allow":["GET"]}}],"collection":[{"href":"https:\/\/bls-senat.de\/index.php?rest_route=\/wp\/v2\/pages"}],"about":[{"href":"https:\/\/bls-senat.de\/index.php?rest_route=\/wp\/v2\/types\/page"}],"author":[{"embeddable":true,"href":"https:\/\/bls-senat.de\/index.php?rest_route=\/wp\/v2\/users\/1"}],"replies":[{"embeddable":true,"href":"https:\/\/bls-senat.de\/index.php?rest_route=%2Fwp%2Fv2%2Fcomments&post=3"}],"version-history":[{"count":7,"href":"https:\/\/bls-senat.de\/index.php?rest_route=\/wp\/v2\/pages\/3\/revisions"}],"predecessor-version":[{"id":213,"href":"https:\/\/bls-senat.de\/index.php?rest_route=\/wp\/v2\/pages\/3\/revisions\/213"}],"wp:attachment":[{"href":"https:\/\/bls-senat.de\/index.php?rest_route=%2Fwp%2Fv2%2Fmedia&parent=3"}],"curies":[{"name":"wp","href":"https:\/\/api.w.org\/{rel}","templated":true}]}}